{"id":509,"date":"2016-08-22T20:00:57","date_gmt":"2016-08-22T18:00:57","guid":{"rendered":"http:\/\/print4.si\/?page_id=509"},"modified":"2017-08-11T09:28:52","modified_gmt":"2017-08-11T07:28:52","slug":"o-nas","status":"publish","type":"page","link":"https:\/\/print4.si\/?page_id=509","title":{"rendered":"O podjetju"},"content":{"rendered":"[et_pb_section fb_built=&#8221;1&#8243; padding_mobile=&#8221;off&#8221; admin_label=&#8221;section&#8221; _builder_version=&#8221;3.0.47&#8243;][et_pb_row padding_mobile=&#8221;off&#8221; column_padding_mobile=&#8221;on&#8221; admin_label=&#8221;row&#8221; _builder_version=&#8221;3.0.47&#8243; background_size=&#8221;initial&#8221; background_position=&#8221;top_left&#8221; background_repeat=&#8221;repeat&#8221;][et_pb_column type=&#8221;1_3&#8243; _builder_version=&#8221;3.0.47&#8243; column_padding_mobile=&#8221;on&#8221; parallax=&#8221;off&#8221; parallax_method=&#8221;on&#8221;][et_pb_text admin_label=&#8221;Text&#8221; _builder_version=&#8221;3.0.47&#8243; background_size=&#8221;initial&#8221; background_position=&#8221;top_left&#8221; background_repeat=&#8221;repeat&#8221;]\n<p><span class=\"poudarek\"><strong>O PODJETJU<\/strong><\/span><\/p>\n<p class=\"bodyText\">Glavne dejavnosti podjetja so digitalni tisk, grafi\u010dno oblikovanje, lasersko graviranje in digitalizacija knji\u017enega gradiva. Podjetje s sposobnimi sodelavci in najnovej&scaron;o, najkakovostnej&scaron;o, zmogljivo opremo za \u010drnobeli in barvni digitalni tisk, s katerimi se vseskozi dr\u017ei v samem vrhu&nbsp;razvoja in izvedbe storitev digitalnega tiska v regiji.<\/p>\n<p class=\"bodyText\">Pri digitalnem tisku prevladuje <strong class=\"style8\">program izdelave knjig<\/strong> v nakladah tudi do 1500 izvodov. Z dolgoletnimi izku&scaron;njami na podro\u010dju digitalnega tisk in ve\u010ddeseletnimi izku&scaron;njami v grafiki, lahko re\u010demo, da smo bili do neke mere pionirji v regiji na tem podro\u010dju. Pohvalimo se lahko z <strong class=\"style8\">ve\u010d kot 10.000 razli\u010dnimi naslovi<\/strong> izklju\u010dno digitalno tiskanih knjig in drugih publikacij.<\/p>\n<p class=\"bodyText\">V prihodnje pri\u010dakujemo tudi pove\u010danje povpra&scaron;evanja na&nbsp;podro\u010dju skeniranja arhivskega gradiva, saj zakonodaja omogo\u010da (in po svoje zahteva) shranjevanje v&nbsp;digitalni obliki, s&nbsp;\u010dimer se bistveno zmanj&scaron;a potreba po&nbsp;arhivskih gradivih v&nbsp;papirni obliki. Na ta na\u010din je&nbsp;mo\u017eno <strong class=\"style8\">zmanj&scaron;ati prostorsko<\/strong> stisko in kar je &scaron;e pomembneje, bistveno <strong class=\"style8\">skraj&scaron;ati \u010das iskanja<\/strong> podatkov v&nbsp;starej&scaron;ih arhivskih gradivih.<\/p>\n<p class=\"bodyText\">Tudi po desetletju&nbsp;podjetja DEMAT, smo &scaron;e vedno zagnani in za vas i&scaron;\u010demo nove in nove re&scaron;itve v digitalnem tisku, kar bomo po\u010deli tudi &scaron;e naprej, med drugim zdaj tudi s to novo spletno stranjo, ki omogo\u010da online naro\u010dila tiskovin.<\/p>\n[\/et_pb_text][\/et_pb_column][et_pb_column type=&#8221;2_3&#8243; _builder_version=&#8221;3.0.47&#8243; column_padding_mobile=&#8221;on&#8221; parallax=&#8221;off&#8221; parallax_method=&#8221;on&#8221;][et_pb_text admin_label=&#8221;Text&#8221; _builder_version=&#8221;3.0.47&#8243; background_size=&#8221;initial&#8221; background_position=&#8221;top_left&#8221; background_repeat=&#8221;repeat&#8221;]\n<p>DEMAT d.o.o.<br \/>\nStegne 3<br \/>\n1000 Ljubljana<\/p>\n<p>Dav\u010dna \u0161t.: SI74414038<br \/>\nMati\u010dna \u0161t.: 2143895<\/p>\n<p>Transakcijski ra\u010dun<br \/>\n02013-0255249984, pri banki NLB Ljubljana D.D.<\/p>\n<p>Delovni \u010das:<br \/>\npon.-\u010det. 8.00-16.00<br \/>\npet. 8.00-15.00<\/p>\n[\/et_pb_text][et_pb_map address=&#8221;Stegne 3, 1000 Ljubljana, Slovenia&#8221; zoom_level=&#8221;13&#8243; address_lat=&#8221;46.07568452763537&#8243; address_lng=&#8221;14.486695799999993&#8243; admin_label=&#8221;Map&#8221; _builder_version=&#8221;3.0.47&#8243;][et_pb_map_pin title=&#8221;DEMAT d.o.o., digitalni tisk&#8221; pin_address=&#8221;Stegne 3, 1000 Ljubljana, Slovenia&#8221; pin_address_lat=&#8221;46.082910891512725&#8243; pin_address_lng=&#8221;14.486277375393684&#8243; _builder_version=&#8221;3.0.47&#8243;] [\/et_pb_map_pin][\/et_pb_map][\/et_pb_column][\/et_pb_row][\/et_pb_section]\n","protected":false},"excerpt":{"rendered":"<p>O PODJETJU Glavne dejavnosti podjetja so digitalni tisk, grafi\u010dno oblikovanje, lasersko graviranje in digitalizacija knji\u017enega gradiva. Podjetje s sposobnimi sodelavci in najnovej&scaron;o, najkakovostnej&scaron;o, zmogljivo opremo za \u010drnobeli in barvni digitalni tisk, s katerimi se vseskozi dr\u017ei v samem vrhu&nbsp;razvoja in izvedbe storitev digitalnega tiska v regiji. Pri digitalnem tisku prevladuje program izdelave knjig v nakladah [&hellip;]<\/p>\n","protected":false},"author":1,"featured_media":0,"parent":0,"menu_order":0,"comment_status":"closed","ping_status":"closed","template":"","meta":{"_et_pb_use_builder":"on","_et_pb_old_content":"<p><span class=\"poudarek\"><strong>O PODJETJU<\/strong><\/span><\/p><p class=\"bodyText\">Glavne dejavnost podjetja so digitalni tisk, grafi\u010dno oblikovanje, lasersko graviranje, inkjet tisk ve\u010djih formatov in digitalizacija knji\u017enega gradiva. Podjetje s sposobnimi sodelavci in najnovej\u0161o, najkakovostnej\u0161o, zmogljivo opremo za \u010drnobeli in barvni digitalni tisk, s katerimi se vseskozi dr\u017ei v samem vrhu robu razvoja in izvedbe storitev digitalnega tiska v regiji.<\/p><p class=\"bodyText\">Pri digitalnem tisku prevladuje <strong class=\"style8\">program izdelave knjig<\/strong> v nakladah do 1500 izvodov. Kadri, ki izvajajo to storitev imajo \u017ee\u00a0ve\u010dletne izku\u0161nje, saj se s tem ukvarjajo \u017ee <strong class=\"style8\">od\u00a0leta 2001<\/strong> in\u00a0lahko re\u010demo, da smo bili na ta na\u010din pionirji na tem podro\u010dju. Pohvalimo se lahko z <strong class=\"style8\">ve\u010d kot 2000 naslovi<\/strong> \"digitalno\" tiskanih knjigin drugih publikacij.<\/p><p class=\"bodyText\">V prihodnje pri\u010dakujemo tudi pove\u010danje povpra\u0161evanja na\u00a0podro\u010dju skeniranja arhivskega gradiva, saj zakonodaja omogo\u010da (in po svoje zahteva) shranjevanje v\u00a0digitalni obliki, s\u00a0\u010dimer se bistveno zmanj\u0161a potreba po\u00a0arhivskih gradivih v\u00a0papirni obliki. Na ta na\u010din je\u00a0mo\u017eno <strong class=\"style8\">zmanj\u0161ati prostorsko<\/strong> stisko in kar je \u0161e pomembneje, bistveno <strong class=\"style8\">skraj\u0161ati \u010das iskanja<\/strong> podatkov v\u00a0starej\u0161ih arhivskih gradivih.<\/p><p class=\"bodyText\">Tudi v 10 letih podjetja, smo \u0161e vedno zagnani in za vas i\u0161\u010demo nove in nove re\u0161itve v digitalnem tisku, kar bomo po\u010deli tudi \u0161e naprej.<\/p>","_et_gb_content_width":""},"_links":{"self":[{"href":"https:\/\/print4.si\/index.php?rest_route=\/wp\/v2\/pages\/509"}],"collection":[{"href":"https:\/\/print4.si\/index.php?rest_route=\/wp\/v2\/pages"}],"about":[{"href":"https:\/\/print4.si\/index.php?rest_route=\/wp\/v2\/types\/page"}],"author":[{"embeddable":true,"href":"https:\/\/print4.si\/index.php?rest_route=\/wp\/v2\/users\/1"}],"replies":[{"embeddable":true,"href":"https:\/\/print4.si\/index.php?rest_route=%2Fwp%2Fv2%2Fcomments&post=509"}],"version-history":[{"count":16,"href":"https:\/\/print4.si\/index.php?rest_route=\/wp\/v2\/pages\/509\/revisions"}],"predecessor-version":[{"id":712,"href":"https:\/\/print4.si\/index.php?rest_route=\/wp\/v2\/pages\/509\/revisions\/712"}],"wp:attachment":[{"href":"https:\/\/print4.si\/index.php?rest_route=%2Fwp%2Fv2%2Fmedia&parent=509"}],"curies":[{"name":"wp","href":"https:\/\/api.w.org\/{rel}","templated":true}]}}