{"id":478,"date":"2016-08-20T14:28:24","date_gmt":"2016-08-20T12:28:24","guid":{"rendered":"http:\/\/print4.si\/?page_id=478"},"modified":"2016-08-22T20:54:30","modified_gmt":"2016-08-22T18:54:30","slug":"lasersko-graviranje-in-izrezi","status":"publish","type":"page","link":"https:\/\/print4.si\/?page_id=478","title":{"rendered":"Lasersko graviranje in izrezi"},"content":{"rendered":"[et_pb_section admin_label=&#8221;section&#8221; transparent_background=&#8221;off&#8221; background_color=&#8221;#ffffff&#8221; allow_player_pause=&#8221;off&#8221; inner_shadow=&#8221;off&#8221; parallax=&#8221;off&#8221; parallax_method=&#8221;off&#8221; padding_mobile=&#8221;off&#8221; make_fullwidth=&#8221;off&#8221; use_custom_width=&#8221;off&#8221; width_unit=&#8221;on&#8221; make_equal=&#8221;off&#8221; use_custom_gutter=&#8221;off&#8221;][et_pb_row admin_label=&#8221;row&#8221;][et_pb_column type=&#8221;1_3&#8243;][et_pb_image admin_label=&#8221;Image&#8221; src=&#8221;https:\/\/print4.si\/wp-content\/uploads\/2016\/08\/laser.jpg&#8221; show_in_lightbox=&#8221;off&#8221; url_new_window=&#8221;off&#8221; use_overlay=&#8221;off&#8221; animation=&#8221;left&#8221; sticky=&#8221;off&#8221; align=&#8221;left&#8221; force_fullwidth=&#8221;off&#8221; always_center_on_mobile=&#8221;on&#8221; use_border_color=&#8221;off&#8221; border_color=&#8221;#ffffff&#8221; border_style=&#8221;solid&#8221;] [\/et_pb_image][\/et_pb_column][et_pb_column type=&#8221;2_3&#8243;][et_pb_text admin_label=&#8221;Text&#8221; background_layout=&#8221;light&#8221; text_orientation=&#8221;left&#8221; use_border_color=&#8221;off&#8221; border_color=&#8221;#ffffff&#8221; border_style=&#8221;solid&#8221;]\n<h1 class=\"alignLeft font_2\">LASERSKO GRAVIRANJE IN IZREZI<\/h1>\n<div id=\"i4qqxatw\" class=\"s2\" data-reactid=\".0.$SITE_ROOT.$desktop_siteRoot.$PAGES_CONTAINER.1.1.$SITE_PAGES.$cpb8.1.$i4qqxatw\">Laserska tehnologija nam omogo\u010da natan\u010dno graviranje besedil, slik in risb na razli\u010dne materiale ter izrez izjemno kompleksnih oblik iz dolo\u010denih materialov.<\/div>\n<div class=\"s2\" data-reactid=\".0.$SITE_ROOT.$desktop_siteRoot.$PAGES_CONTAINER.1.1.$SITE_PAGES.$cpb8.1.$i4qqxatw\"><\/div>\n<div class=\"s2\" data-reactid=\".0.$SITE_ROOT.$desktop_siteRoot.$PAGES_CONTAINER.1.1.$SITE_PAGES.$cpb8.1.$i4qqxatw\"><\/div>\n<div class=\"s2\" data-reactid=\".0.$SITE_ROOT.$desktop_siteRoot.$PAGES_CONTAINER.1.1.$SITE_PAGES.$cpb8.1.$i4qqxatw\"><b>LASERSKA OBDELAVA<\/b><\/div>\n<div class=\"s2\" data-reactid=\".0.$SITE_ROOT.$desktop_siteRoot.$PAGES_CONTAINER.1.1.$SITE_PAGES.$cpb8.1.$i4qqxatw\">\n<p>Najnovej\u0161a tehnologija laserske obdelave omogo\u010da natan\u010dno graviranje in izrez razli\u010dnih materialov do makimalne velikosti 1000 x 600 mm. Tipi\u010dne laserske obdelave materialov pa predstavljajo:<\/p>\n<ul>\n<li>izrez kartona in papirja<\/li>\n<li>plitva in globoka gravura ter izrez akrilnega stekla (pleksi).<\/li>\n<li>graviranje kamna<\/li>\n<li>gravura ravnih steklenih povr\u0161in, mo\u017ena je tudi gravura steklenic in kozarcev<\/li>\n<li>izrez bomba\u017enih in drugih tkanin<\/li>\n<li>izrezi in zarezovanje samolepilnih nalepk najrazli\u010dnej\u0161ih oblik<\/li>\n<li>Izrez puzzle sestavljank<\/li>\n<\/ul>\n<div class=\"s2\" data-reactid=\".0.$SITE_ROOT.$desktop_siteRoot.$PAGES_CONTAINER.1.1.$SITE_PAGES.$cpb8.1.$i4qqxatw\"><span class=\"color_15\">Po va\u0161i meri in \u017eelji oblikujemo, natisnemo ter izre\u017eemo reklamne in predstavitvene karton\u010dke, nalepke, letake, panoje&#8230; v najrazli\u010dnej\u0161ih oblikah.\u00a0Materiali primerni za lasersko obdelavo so precej \u0161irokega spektra, okvirno pa je\u00a0to:\u00a0<\/span><span class=\"color_15\">papir, les, akrilno steklo, dolo\u010dene plasti\u010dne mase, tkanine<\/span><span class=\"color_15\">, steklo, kamen, eloksiran aluminij, itn. Kovine so tu pove\u010dini izvzete.<\/span><\/div>\n<p>&nbsp;<\/p>\n<\/div>\n[\/et_pb_text][\/et_pb_column][\/et_pb_row][\/et_pb_section]\n","protected":false},"excerpt":{"rendered":"<p>LASERSKO GRAVIRANJE IN IZREZI Laserska tehnologija nam omogo\u010da natan\u010dno graviranje besedil, slik in risb na razli\u010dne materiale ter izrez izjemno kompleksnih oblik iz dolo\u010denih materialov. LASERSKA OBDELAVA Najnovej\u0161a tehnologija laserske obdelave omogo\u010da natan\u010dno graviranje in izrez razli\u010dnih materialov do makimalne velikosti 1000 x 600 mm. Tipi\u010dne laserske obdelave materialov pa predstavljajo: izrez kartona in papirja [&hellip;]<\/p>\n","protected":false},"author":1,"featured_media":0,"parent":0,"menu_order":0,"comment_status":"closed","ping_status":"closed","template":"","meta":{"_et_pb_use_builder":"on","_et_pb_old_content":"","_et_gb_content_width":""},"_links":{"self":[{"href":"https:\/\/print4.si\/index.php?rest_route=\/wp\/v2\/pages\/478"}],"collection":[{"href":"https:\/\/print4.si\/index.php?rest_route=\/wp\/v2\/pages"}],"about":[{"href":"https:\/\/print4.si\/index.php?rest_route=\/wp\/v2\/types\/page"}],"author":[{"embeddable":true,"href":"https:\/\/print4.si\/index.php?rest_route=\/wp\/v2\/users\/1"}],"replies":[{"embeddable":true,"href":"https:\/\/print4.si\/index.php?rest_route=%2Fwp%2Fv2%2Fcomments&post=478"}],"version-history":[{"count":8,"href":"https:\/\/print4.si\/index.php?rest_route=\/wp\/v2\/pages\/478\/revisions"}],"predecessor-version":[{"id":521,"href":"https:\/\/print4.si\/index.php?rest_route=\/wp\/v2\/pages\/478\/revisions\/521"}],"wp:attachment":[{"href":"https:\/\/print4.si\/index.php?rest_route=%2Fwp%2Fv2%2Fmedia&parent=478"}],"curies":[{"name":"wp","href":"https:\/\/api.w.org\/{rel}","templated":true}]}}