{"id":476,"date":"2016-08-20T14:25:15","date_gmt":"2016-08-20T12:25:15","guid":{"rendered":"http:\/\/print4.si\/?page_id=476"},"modified":"2016-09-02T15:27:04","modified_gmt":"2016-09-02T13:27:04","slug":"graficno-oblikovanje","status":"publish","type":"page","link":"https:\/\/print4.si\/?page_id=476","title":{"rendered":"Grafi\u010dno oblikovanje"},"content":{"rendered":"[et_pb_section admin_label=&#8221;section&#8221;][et_pb_row admin_label=&#8221;row&#8221;][et_pb_column type=&#8221;2_3&#8243;][et_pb_text admin_label=&#8221;Text&#8221; background_layout=&#8221;light&#8221; text_orientation=&#8221;left&#8221; use_border_color=&#8221;off&#8221; border_color=&#8221;#ffffff&#8221; border_style=&#8221;solid&#8221;]\n<p style=\"text-align: left;\"><b>GRAFI\u010cNO OBLIKOVANJE<\/b><\/p>\n<p style=\"text-align: left;\">Po dalj\u0161em \u010dasu, smo ponovno za\u010deli s ponudbo <b>grafi\u010dnega<\/b>\u00a0<b>oblikovanja<\/b>\u00a0tiskovin.<\/p>\n<p style=\"text-align: left;\" align=\"JUSTIFY\">Poleg oblikovanja enostavnih tiskovin, za la\u017ejo prepoznavnost va\u0161e dejavnosti in podjetja pripravimo, celostno grafi\u010dno podobo \u2013 CGP.<\/p>\n<p style=\"text-align: left;\" align=\"JUSTIFY\">Oblikujemo in tehni\u010dno pripravimo za izvedbo ves promocijski material \u2013 vizitke, dopise, reklamne letake, plakate, kupone, vstopnice, reklamne table, panoje, transparente \u2026 Prav tako oblikujemo vse vrst publikacij, kataloge, cenike, zlo\u017eenke, mape, kuverte, etikete, kartice \u2026<\/p>\n<p style=\"text-align: left;\" align=\"JUSTIFY\">Nudimo tehni\u010dno urejanje in prelom revij, publikacij, knjig, bru\u0161ur, zlo\u017eenk, katalogov \u2026 ter kompletno pripravo za tisk<\/p>\n<p style=\"text-align: left;\"><span style=\"line-height: 1.7em;\">Za grafi\u010dno oblikovanje je pri nas direktno zadol\u017eena Mateja, ki je specializirana predvsem za zahtevne oblikovne re\u0161itve knjige, lahko pa seveda oblikuje tudi enostavnej\u0161e tiskovine, kot npr. letaki, vizitke, plakati, itn.<\/span><\/p>\n<p style=\"text-align: left;\">Naro\u010dila in vpra\u0161anja glede grafi\u010dne oblikovanja lahko naslovite tudi direktno na njen email naslov <a href=\"mailto:mateja@print4.si\">mateja@print4.si<\/a><\/p>\n[\/et_pb_text][\/et_pb_column][et_pb_column type=&#8221;1_3&#8243;][et_pb_text admin_label=&#8221;Text&#8221; background_layout=&#8221;light&#8221; text_orientation=&#8221;left&#8221; use_border_color=&#8221;off&#8221; border_color=&#8221;#ffffff&#8221; border_style=&#8221;solid&#8221;]\n<p><span style=\"color: #000000;\">Celostna grafi\u010dna podoba (CGP) <\/span><\/p>\n<ul>\n<li>Logotip<\/li>\n<li>Vizitka<\/li>\n<li>Dopisni papir<\/li>\n<li>Vabilo<\/li>\n<li>Ovojnica<\/li>\n<li>Nalepka<\/li>\n<li>Letak<\/li>\n<\/ul>\n<p>&nbsp;<\/p>\n<p>Reklamne tiskovine in drugi promocijski materiali<\/p>\n<ul>\n<li>Zlo\u017eenka<\/li>\n<li>Plakat<\/li>\n<li>Katalog<\/li>\n<li>Jedilni list<\/li>\n<li>Koledar<\/li>\n<\/ul>\n<p>&nbsp;<\/p>\n<p>Tehni\u010dno urejanje in prelom<\/p>\n<ul>\n<li>Revija<\/li>\n<li>Knjiga<\/li>\n<li>Publikacija<\/li>\n<li>Strokovna literatura<\/li>\n<li>\u010casopis<\/li>\n<li>Oglasi<\/li>\n<\/ul>\n<p>&nbsp;<\/p>\n[\/et_pb_text][\/et_pb_column][\/et_pb_row][\/et_pb_section]\n","protected":false},"excerpt":{"rendered":"<p>GRAFI\u010cNO OBLIKOVANJE Po dalj\u0161em \u010dasu, smo ponovno za\u010deli s ponudbo grafi\u010dnega\u00a0oblikovanja\u00a0tiskovin. Poleg oblikovanja enostavnih tiskovin, za la\u017ejo prepoznavnost va\u0161e dejavnosti in podjetja pripravimo, celostno grafi\u010dno podobo \u2013 CGP. Oblikujemo in tehni\u010dno pripravimo za izvedbo ves promocijski material \u2013 vizitke, dopise, reklamne letake, plakate, kupone, vstopnice, reklamne table, panoje, transparente \u2026 Prav tako oblikujemo vse vrst [&hellip;]<\/p>\n","protected":false},"author":1,"featured_media":0,"parent":0,"menu_order":0,"comment_status":"closed","ping_status":"closed","template":"","meta":{"_et_pb_use_builder":"on","_et_pb_old_content":"","_et_gb_content_width":""},"_links":{"self":[{"href":"https:\/\/print4.si\/index.php?rest_route=\/wp\/v2\/pages\/476"}],"collection":[{"href":"https:\/\/print4.si\/index.php?rest_route=\/wp\/v2\/pages"}],"about":[{"href":"https:\/\/print4.si\/index.php?rest_route=\/wp\/v2\/types\/page"}],"author":[{"embeddable":true,"href":"https:\/\/print4.si\/index.php?rest_route=\/wp\/v2\/users\/1"}],"replies":[{"embeddable":true,"href":"https:\/\/print4.si\/index.php?rest_route=%2Fwp%2Fv2%2Fcomments&post=476"}],"version-history":[{"count":7,"href":"https:\/\/print4.si\/index.php?rest_route=\/wp\/v2\/pages\/476\/revisions"}],"predecessor-version":[{"id":586,"href":"https:\/\/print4.si\/index.php?rest_route=\/wp\/v2\/pages\/476\/revisions\/586"}],"wp:attachment":[{"href":"https:\/\/print4.si\/index.php?rest_route=%2Fwp%2Fv2%2Fmedia&parent=476"}],"curies":[{"name":"wp","href":"https:\/\/api.w.org\/{rel}","templated":true}]}}