{"id":463,"date":"2016-08-20T14:09:38","date_gmt":"2016-08-20T12:09:38","guid":{"rendered":"http:\/\/print4.si\/?page_id=463"},"modified":"2016-09-12T15:54:51","modified_gmt":"2016-09-12T13:54:51","slug":"digitalni-tisk-2","status":"publish","type":"page","link":"https:\/\/print4.si\/?page_id=463","title":{"rendered":"Digitalni tisk"},"content":{"rendered":"[et_pb_section transparent_background=&#8221;off&#8221; allow_player_pause=&#8221;off&#8221; inner_shadow=&#8221;off&#8221; parallax=&#8221;off&#8221; parallax_method=&#8221;on&#8221; padding_mobile=&#8221;off&#8221; make_fullwidth=&#8221;off&#8221; use_custom_width=&#8221;off&#8221; width_unit=&#8221;off&#8221; custom_width_px=&#8221;1080px&#8221; custom_width_percent=&#8221;80%&#8221; make_equal=&#8221;off&#8221; use_custom_gutter=&#8221;off&#8221; fullwidth=&#8221;off&#8221; specialty=&#8221;off&#8221; admin_label=&#8221;section&#8221; disabled=&#8221;off&#8221;][et_pb_row make_fullwidth=&#8221;off&#8221; use_custom_width=&#8221;off&#8221; width_unit=&#8221;off&#8221; custom_width_px=&#8221;1080px&#8221; custom_width_percent=&#8221;80%&#8221; use_custom_gutter=&#8221;off&#8221; gutter_width=&#8221;3&#8243; padding_mobile=&#8221;off&#8221; allow_player_pause=&#8221;off&#8221; parallax=&#8221;off&#8221; parallax_method=&#8221;on&#8221; make_equal=&#8221;off&#8221; column_padding_mobile=&#8221;on&#8221; parallax_1=&#8221;off&#8221; parallax_method_1=&#8221;on&#8221; parallax_2=&#8221;off&#8221; parallax_method_2=&#8221;on&#8221; parallax_3=&#8221;off&#8221; parallax_method_3=&#8221;on&#8221; parallax_4=&#8221;off&#8221; parallax_method_4=&#8221;on&#8221; admin_label=&#8221;row&#8221; disabled=&#8221;off&#8221;][et_pb_column type=&#8221;1_3&#8243; disabled=&#8221;off&#8221; parallax=&#8221;off&#8221; parallax_method=&#8221;on&#8221; column_padding_mobile=&#8221;on&#8221;][et_pb_image src=&#8221;https:\/\/print4.si\/wp-content\/uploads\/2016\/08\/OCE6250.jpg&#8221; show_in_lightbox=&#8221;off&#8221; url_new_window=&#8221;off&#8221; use_overlay=&#8221;off&#8221; sticky=&#8221;off&#8221; align=&#8221;left&#8221; force_fullwidth=&#8221;off&#8221; always_center_on_mobile=&#8221;on&#8221; admin_label=&#8221;Image&#8221; use_border_color=&#8221;off&#8221; border_color=&#8221;#ffffff&#8221; border_width=&#8221;1px&#8221; border_style=&#8221;solid&#8221; disabled=&#8221;off&#8221;] [\/et_pb_image][et_pb_image src=&#8221;https:\/\/print4.si\/wp-content\/uploads\/2016\/08\/IPC6000.jpg&#8221; show_in_lightbox=&#8221;off&#8221; url_new_window=&#8221;off&#8221; use_overlay=&#8221;off&#8221; sticky=&#8221;off&#8221; align=&#8221;left&#8221; force_fullwidth=&#8221;off&#8221; always_center_on_mobile=&#8221;on&#8221; admin_label=&#8221;Image&#8221; use_border_color=&#8221;off&#8221; border_color=&#8221;#ffffff&#8221; border_width=&#8221;1px&#8221; border_style=&#8221;solid&#8221; disabled=&#8221;off&#8221;] [\/et_pb_image][et_pb_image src=&#8221;https:\/\/print4.si\/wp-content\/uploads\/2016\/09\/ricoh-pro-c9100.png&#8221; show_in_lightbox=&#8221;off&#8221; url_new_window=&#8221;off&#8221; use_overlay=&#8221;off&#8221; sticky=&#8221;off&#8221; align=&#8221;left&#8221; force_fullwidth=&#8221;off&#8221; always_center_on_mobile=&#8221;on&#8221; admin_label=&#8221;Image&#8221; use_border_color=&#8221;off&#8221; border_color=&#8221;#ffffff&#8221; border_width=&#8221;1px&#8221; border_style=&#8221;solid&#8221; disabled=&#8221;off&#8221;] [\/et_pb_image][et_pb_text background_layout=&#8221;light&#8221; text_orientation=&#8221;left&#8221; admin_label=&#8221;Text&#8221; use_border_color=&#8221;off&#8221; border_style=&#8221;solid&#8221; disabled=&#8221;off&#8221;]\n<p>Prednosti digitalnega tiska:<\/p>\n<ul>\n<li>omogo\u010da, da vam natisnemo le toliko izvodov, kot jih dejansko potrebujete v danem trenutku<br \/>\n(tisk na zahtevo &#8211; &#8220;print on-demand&#8221;)<\/li>\n<li>cenovno ugodnej\u0161i pri ni\u017ejih nakladah, glede na klasi\u010dno offset tehnologijo<\/li>\n<li>zelo kratek odzivni \u010das<\/li>\n<li>omogo\u010da tisk spremenljivih podatkov &#8211; personalizacija tiskovine (npr. &#8220;mailing&#8221;)<\/li>\n<li>omogo\u010da tisk na razli\u010dne materiale &#8211; razli\u010dni papirji in kartoni od 60 do 350g, samolepilne etikete, prosojnice, sinteti\u010dni papirji, &#8230;<\/li>\n<li>poizkusni odtis je tudi kon\u010den v smislu kakovosti in ta se skozi naklado praviloma ne spreminja<\/li>\n<\/ul>\n[\/et_pb_text][\/et_pb_column][et_pb_column type=&#8221;1_3&#8243; disabled=&#8221;off&#8221; parallax=&#8221;off&#8221; parallax_method=&#8221;on&#8221; column_padding_mobile=&#8221;on&#8221;][et_pb_text background_layout=&#8221;light&#8221; text_orientation=&#8221;left&#8221; admin_label=&#8221;Text&#8221; use_border_color=&#8221;off&#8221; border_style=&#8221;solid&#8221; disabled=&#8221;off&#8221;]\n<p>DIGITALNI TISK\n<\/p>\n<p>Digitalni tisk trdo in mehko vezanih knjig, prospektov, navodil, letakov in drugih tiskovin v \u010drnobeli in barvni tehniki. Za tisk \u010drnobelih tiskovin uporabljamo OCE Gemini tehnologijo, za barvne tiskovine pa Canon Imagepress tehnologijo. Izbrana kombinacija strojnega parka nam omogo\u010da nadstadardne rezultate v smislu kakovosti in odzivnosti, s tem pa preceden\u010dno konkuren\u010dnost na trgu.<\/p>\n<p>Digitalni tisk je najnovej\u0161a tehnologija tiskanja, ki omogo\u010da izdelavo naro\u010dila v najkraj\u0161em mo\u017enem \u010dasu, saj pri tem na\u010dinu tiska niso potrebne klasi\u010dne ofsetne tiskarske priprave, kot so pripava zahtevnih monta\u017e. Prav tako ne potrebujemo filmov oz. tiskarskih plo\u0161\u010d. Digitalni tisk je primeren za izdelavo nizkonakladnih tiskovin, kot so vizitke, prospekti, bro\u0161ure, navodila, trdo in mehko vezane \u0161ivane knjige, letaki, manj\u0161i posterji, poskusni odtis idr. Digitalni poskusni tisk je idealen za izdelavo vzor\u010dnih primerov tiskovi, na katerih se preveri ustreznost natisnjenih barv, postavitve in vsebin. Pri zadnji kontroli pred izdelavo filmov ali plo\u0161\u010d se predvsem zaradi cene in hitrosti uporablja BEST color print (tisk na papir iz dokumenta \u0161e pred izdelavo tiskarskih plo\u0161\u010d), ki pa v primeru digitalnega tiska ni potreben, saj je poskusni tisk \u017ee dejanski kon\u010dni odtis.<\/p>\n<p>Faksimile &#8211; ponatisi Na va\u0161o \u017eeljo poskrbimo za faksimilno izdelavo digitaliziranega materiala, katerega vam lahko najprej tudi skeniramo in pripravimo za tisk ter izvedemo natis na papir po va\u0161i izbiri in vezavo, ki najbolj ustreza originalu.<\/p>\n[\/et_pb_text][\/et_pb_column][et_pb_column type=&#8221;1_3&#8243; disabled=&#8221;off&#8221; parallax=&#8221;off&#8221; parallax_method=&#8221;on&#8221; column_padding_mobile=&#8221;on&#8221;][et_pb_text background_layout=&#8221;light&#8221; text_orientation=&#8221;left&#8221; admin_label=&#8221;Text&#8221; use_border_color=&#8221;off&#8221; border_style=&#8221;solid&#8221; disabled=&#8221;off&#8221;]\n<ul>Najrazli\u010dnej\u0161e tiskovine, katere lahko izvedemo v digitalnem tisku<\/p>\n<li>Vizitka<\/li>\n<li>Dopisni papir<\/li>\n<li>Ovojnica<\/li>\n<li>Nalepka<\/li>\n<li>Letak<\/li>\n<li>Zlo\u017eenka<\/li>\n<li>Vabilo<\/li>\n<li>Plakat<\/li>\n<li>Katalog<\/li>\n<li>Jedilni list<\/li>\n<li>Koledar<\/li>\n<li>Revija<\/li>\n<li>Knjiga<\/li>\n<li>Katalog<\/li>\n<li>Zbornik<\/li>\n<li>Strokovna literatura<\/li>\n<li>Navodilo k izdelkom<\/li>\n<li>\u010casopis<\/li>\n<\/ul>\n[\/et_pb_text][\/et_pb_column][\/et_pb_row][\/et_pb_section]\n","protected":false},"excerpt":{"rendered":"<p>Prednosti digitalnega tiska: omogo\u010da, da vam natisnemo le toliko izvodov, kot jih dejansko potrebujete v danem trenutku (tisk na zahtevo &#8211; &#8220;print on-demand&#8221;) cenovno ugodnej\u0161i pri ni\u017ejih nakladah, glede na klasi\u010dno offset tehnologijo zelo kratek odzivni \u010das omogo\u010da tisk spremenljivih podatkov &#8211; personalizacija tiskovine (npr. &#8220;mailing&#8221;) omogo\u010da tisk na razli\u010dne materiale &#8211; razli\u010dni papirji in [&hellip;]<\/p>\n","protected":false},"author":1,"featured_media":0,"parent":0,"menu_order":0,"comment_status":"closed","ping_status":"closed","template":"","meta":{"_et_pb_use_builder":"on","_et_pb_old_content":"","_et_gb_content_width":""},"_links":{"self":[{"href":"https:\/\/print4.si\/index.php?rest_route=\/wp\/v2\/pages\/463"}],"collection":[{"href":"https:\/\/print4.si\/index.php?rest_route=\/wp\/v2\/pages"}],"about":[{"href":"https:\/\/print4.si\/index.php?rest_route=\/wp\/v2\/types\/page"}],"author":[{"embeddable":true,"href":"https:\/\/print4.si\/index.php?rest_route=\/wp\/v2\/users\/1"}],"replies":[{"embeddable":true,"href":"https:\/\/print4.si\/index.php?rest_route=%2Fwp%2Fv2%2Fcomments&post=463"}],"version-history":[{"count":7,"href":"https:\/\/print4.si\/index.php?rest_route=\/wp\/v2\/pages\/463\/revisions"}],"predecessor-version":[{"id":646,"href":"https:\/\/print4.si\/index.php?rest_route=\/wp\/v2\/pages\/463\/revisions\/646"}],"wp:attachment":[{"href":"https:\/\/print4.si\/index.php?rest_route=%2Fwp%2Fv2%2Fmedia&parent=463"}],"curies":[{"name":"wp","href":"https:\/\/api.w.org\/{rel}","templated":true}]}}