{"id":460,"date":"2016-08-20T13:18:41","date_gmt":"2016-08-20T11:18:41","guid":{"rendered":"http:\/\/print4.si\/?page_id=460"},"modified":"2016-08-20T14:42:55","modified_gmt":"2016-08-20T12:42:55","slug":"digitalizacija-knjig","status":"publish","type":"page","link":"https:\/\/print4.si\/?page_id=460","title":{"rendered":"Digitalizacija knjig"},"content":{"rendered":"[et_pb_section admin_label=&#8221;section&#8221;][et_pb_row admin_label=&#8221;row&#8221;][et_pb_column type=&#8221;1_3&#8243;][et_pb_image admin_label=&#8221;Image&#8221; src=&#8221;https:\/\/print4.si\/wp-content\/uploads\/2016\/08\/digitalizacija-knjig.jpg&#8221; show_in_lightbox=&#8221;off&#8221; url_new_window=&#8221;off&#8221; use_overlay=&#8221;off&#8221; animation=&#8221;left&#8221; sticky=&#8221;off&#8221; align=&#8221;left&#8221; force_fullwidth=&#8221;off&#8221; always_center_on_mobile=&#8221;on&#8221; use_border_color=&#8221;off&#8221; border_color=&#8221;#ffffff&#8221; border_style=&#8221;solid&#8221; \/][\/et_pb_column][et_pb_column type=&#8221;2_3&#8243;][et_pb_text admin_label=&#8221;Text&#8221; background_layout=&#8221;light&#8221; text_orientation=&#8221;left&#8221; use_border_color=&#8221;off&#8221; border_color=&#8221;#ffffff&#8221; border_style=&#8221;solid&#8221;]\n<p>DIGITALIZACIJA<\/p>\n<p>Digitalizacija vezanega knji\u017enega gradiva ali arhivskega gradiva v polah do formata A3.<\/p>\n<p>Digitalizacija se izvede v osnovnem slikovnem formatu, ki je lahko pretvorjen v JPEG, TIFF, PDF ali drug \u017eeljen format. Glede na va\u0161e zahteve se zajeto gradivo lahko shrani v barvnem, sivinskem ali bitonalnem na\u010dinu.<\/p>\n<p>Ponujamo vam mo\u017enost pretvarjanja zajetega gradiva v standardne dokumentarne formate kot so PDF z OCR ali Microsoft Word. Ti dokumenti so lahko naknadno uredijo, da ustrezajo dostopu na zahtevo oziroma hitremu iskanju pojmov in dodatni obdelavi.<\/p>\n<p>SKENIRANJE KNJIG<br \/>\nOprema za skeniranje nam omogo\u010da zanesljiv zajem vezanih dokumantov in knjig ne da bi jih bilo treba razstaviti, ozna\u010diti in ponovno zvezati. Mo\u017eno je skeniranje formatov od A6 do A4.<br \/>\nPo potrebi in va\u0161i \u017eelji lahko skeniramo tudi druga\u010dne formate, vendar je potrebno tiskovine razstaviti.<\/p>\n<p>SHRANJEVANJE<br \/>\nObdelane in urejene dokumenta vam lahko prenesemo na CD, DVD, prenosni USB nosilec ali na va\u0161 FTP stre\u017enik.<\/p>\n<p>OCR<br \/>\nPonujamo vam tudi storitev OCR (Optical Character Recognition \u2013 opti\u010dno prepoznavanje znakov) za skenirane dokumente z uporabo programske opreme, ki omogo\u010da pretvarjanje zajetega slikovnega gradiva v besedilno informacijo, ki omogo\u010da iskanje po pretvorjenem besedilu.<\/p>\n[\/et_pb_text][\/et_pb_column][\/et_pb_row][\/et_pb_section]\n","protected":false},"excerpt":{"rendered":"<p>DIGITALIZACIJA Digitalizacija vezanega knji\u017enega gradiva ali arhivskega gradiva v polah do formata A3. Digitalizacija se izvede v osnovnem slikovnem formatu, ki je lahko pretvorjen v JPEG, TIFF, PDF ali drug \u017eeljen format. Glede na va\u0161e zahteve se zajeto gradivo lahko shrani v barvnem, sivinskem ali bitonalnem na\u010dinu. Ponujamo vam mo\u017enost pretvarjanja zajetega gradiva v standardne [&hellip;]<\/p>\n","protected":false},"author":1,"featured_media":0,"parent":0,"menu_order":0,"comment_status":"closed","ping_status":"closed","template":"","meta":{"_et_pb_use_builder":"on","_et_pb_old_content":"","_et_gb_content_width":""},"_links":{"self":[{"href":"https:\/\/print4.si\/index.php?rest_route=\/wp\/v2\/pages\/460"}],"collection":[{"href":"https:\/\/print4.si\/index.php?rest_route=\/wp\/v2\/pages"}],"about":[{"href":"https:\/\/print4.si\/index.php?rest_route=\/wp\/v2\/types\/page"}],"author":[{"embeddable":true,"href":"https:\/\/print4.si\/index.php?rest_route=\/wp\/v2\/users\/1"}],"replies":[{"embeddable":true,"href":"https:\/\/print4.si\/index.php?rest_route=%2Fwp%2Fv2%2Fcomments&post=460"}],"version-history":[{"count":3,"href":"https:\/\/print4.si\/index.php?rest_route=\/wp\/v2\/pages\/460\/revisions"}],"predecessor-version":[{"id":484,"href":"https:\/\/print4.si\/index.php?rest_route=\/wp\/v2\/pages\/460\/revisions\/484"}],"wp:attachment":[{"href":"https:\/\/print4.si\/index.php?rest_route=%2Fwp%2Fv2%2Fmedia&parent=460"}],"curies":[{"name":"wp","href":"https:\/\/api.w.org\/{rel}","templated":true}]}}